{"id":125,"date":"2017-02-12T15:30:52","date_gmt":"2017-02-12T15:30:52","guid":{"rendered":"http:\/\/blog.simone-jaenke.de\/?page_id=125"},"modified":"2018-07-01T10:05:42","modified_gmt":"2018-07-01T09:05:42","slug":"impressum","status":"publish","type":"page","link":"http:\/\/blog.simone-jaenke.de\/?page_id=125","title":{"rendered":"Impressum"},"content":{"rendered":"<pre>IMPRESSUM\r\n \r\nDomaininhaber: Andreas Reimer \r\nDrubbel 4, D-48143 M\u00fcnster, Telefon: +49 (0)251\/1332132\r\nwww.nussverteilung.de \r\nHaftungshinweis: Trotz sorgf\u00e4ltiger inhaltlicher Kontrolle \u00fcbernehmen wir keine Haftung f\u00fcr die Inhalte externer Links. F\u00fcr den Inhalt der verlinkten Seiten sind ausschlie\u00dflich deren Betreiber verantwortlich. Alle Inhalte dieser Website einschlie\u00dflich der Gestaltung und Programmierung unterliegen dem Urheberrecht. Alle Rechte vorbehalten, alle Angaben ohne Gew\u00e4hr, \u00c4nderungen vorbehalten. Die Verwendung von Text- und Bildmaterial ist nur mit ausdr\u00fccklicher Genehmigung des Domaininhabers zul\u00e4ssig. \r\nCopyright: Simone J\u00e4nke\r\nFotos: Andreas Reimer\/Simone J\u00e4nke<\/pre>\n","protected":false},"excerpt":{"rendered":"<p>IMPRESSUM Domaininhaber: Andreas Reimer Drubbel 4, D-48143 M\u00fcnster, Telefon: +49 (0)251\/1332132 www.nussverteilung.de Haftungshinweis: Trotz sorgf\u00e4ltiger inhaltlicher Kontrolle \u00fcbernehmen wir keine Haftung f\u00fcr die Inhalte externer Links. F\u00fcr den Inhalt der verlinkten Seiten sind ausschlie\u00dflich deren Betreiber verantwortlich. Alle Inhalte dieser Website einschlie\u00dflich der Gestaltung und Programmierung unterliegen dem Urheberrecht. Alle Rechte vorbehalten, alle Angaben ohne [&hellip;]<\/p>\n","protected":false},"author":1,"featured_media":0,"parent":0,"menu_order":0,"comment_status":"closed","ping_status":"closed","template":"","meta":{"footnotes":""},"class_list":["post-125","page","type-page","status-publish","hentry"],"_links":{"self":[{"href":"http:\/\/blog.simone-jaenke.de\/index.php?rest_route=\/wp\/v2\/pages\/125","targetHints":{"allow":["GET"]}}],"collection":[{"href":"http:\/\/blog.simone-jaenke.de\/index.php?rest_route=\/wp\/v2\/pages"}],"about":[{"href":"http:\/\/blog.simone-jaenke.de\/index.php?rest_route=\/wp\/v2\/types\/page"}],"author":[{"embeddable":true,"href":"http:\/\/blog.simone-jaenke.de\/index.php?rest_route=\/wp\/v2\/users\/1"}],"replies":[{"embeddable":true,"href":"http:\/\/blog.simone-jaenke.de\/index.php?rest_route=%2Fwp%2Fv2%2Fcomments&post=125"}],"version-history":[{"count":5,"href":"http:\/\/blog.simone-jaenke.de\/index.php?rest_route=\/wp\/v2\/pages\/125\/revisions"}],"predecessor-version":[{"id":637,"href":"http:\/\/blog.simone-jaenke.de\/index.php?rest_route=\/wp\/v2\/pages\/125\/revisions\/637"}],"wp:attachment":[{"href":"http:\/\/blog.simone-jaenke.de\/index.php?rest_route=%2Fwp%2Fv2%2Fmedia&parent=125"}],"curies":[{"name":"wp","href":"https:\/\/api.w.org\/{rel}","templated":true}]}}