{"id":127,"date":"2019-03-01T16:20:22","date_gmt":"2019-03-01T15:20:22","guid":{"rendered":"http:\/\/blog.simone-jaenke.de\/?page_id=127"},"modified":"2026-03-28T14:49:10","modified_gmt":"2026-03-28T13:49:10","slug":"ausstellungen","status":"publish","type":"page","link":"http:\/\/blog.simone-jaenke.de\/?page_id=127","title":{"rendered":"Ausstellungen"},"content":{"rendered":"<h6><span style=\"color: #b51414;\"><strong>Ausstellungen 2026<\/strong><\/span><\/h6>\r\n<ul>\r\n<li><span style=\"color: #b51414;\">ab 29. November 2026, Beteiligung am Projekt &#8222;BIODIVERS&#8220;, iniitiert von Odine Lang, Museum Zinkh\u00fctter Hof in Stolberg<\/span><\/li>\r\n<li><span style=\"color: #b51414;\">23. Oktober bis 25. Oktober 2026: &#8222;Offene Ateliers&#8220;, Am Hawerkamp, M\u00fcnster, <a style=\"color: #b51414;\" href=\"https:\/\/am-hawerkamp.de\/\">www.am-hawerkamp.de<\/a><\/span><\/li>\r\n<li><span style=\"color: #b51414;\">11. April bis 3. Mai 2026: &#8222;Lenz26&#8220;, Ausstellungshalle Hawerkamp, <\/span><br \/><span style=\"color: #b51414;\">Sa 15\u201318 Uhr &amp; So 12\u201318 Uhr, Am Hawerkamp, M\u00fcnster,<\/span><br \/><a href=\"https:\/\/am-hawerkamp.de\/\"><span style=\"color: #b51414;\">www.am-hawerkamp.de<\/span><\/a><\/li>\r\n<li><span style=\"color: #b51414;\">2. April bis 19. April, Ausstellung &#8222;In Situ 26&#8220;: Artists in Residence, Kloster Bentlage, Rheine<\/span><br \/><span style=\"color: #b51414;\">Er\u00f6ffnung 2. April 19 Uhr<\/span><br \/><span style=\"color: #b51414;\">\u00d6ffnungszeiten di &#8211; sa 13 &#8211; 18 Uhr, so und feiertags 11 &#8211; 18 Uhr<br \/><a style=\"color: #b51414;\" href=\"http:\/\/wwww.kuenstlerinnenforum.de\">wwww.kuenstlerinnenforum.de<\/a><\/span><\/li>\r\n<\/ul>\r\n<h6><span style=\"color: #000000;\"><strong>Ausstellungen 2025<\/strong><\/span><\/h6>\r\n<ul>\r\n<li><span style=\"color: #000000;\">Finissage 15.02.2026 <strong>um 15 Uhr<\/strong>: &#8222;Warten auf Noah&#8220;, Programm zur Ausstellung mit Sabine Klupsch, Salons Kloster Bentlage, Rheine<\/span><\/li>\r\n<li><span style=\"color: #000000;\">24.10. bis 26.10.2025: &#8222;Offene Ateliers&#8220;, Gastk\u00fcnstlerin: Sabine Klupsch, Am Hawerkamp, M\u00fcnster, <a style=\"color: #000000;\" href=\"https:\/\/am-hawerkamp.de\/\">www.am-hawerkamp.de<\/a><\/span><\/li>\r\n<li><span style=\"color: #000000;\">30.8. bis 25.10.2025 : &#8222;22 zu 15&#8220;, Galerie Siedenhans &amp; Simon, G\u00fctersloh, Er\u00f6ffung am 30.08.2025, 16 Uhr, <a style=\"color: #000000;\" href=\"https:\/\/www.siedenhans-simon.de\/ausstellungen\/\">www.siedenhans-simon.de\/ausstellungen\/<\/a><\/span><\/li>\r\n<li><span style=\"color: #b31212;\"><span style=\"color: #000000;\">21.03. bis 13.04.2025: &#8222;Lenz25&#8220;, Ausstellungshalle Hawerkamp, <\/span><br \/><span style=\"color: #000000;\">Sa 15\u201318 Uhr &amp; So 12\u201318 Uhr, Am Hawerkamp, M\u00fcnster,<\/span><br \/><span style=\"color: #000000;\">Er\u00f6ffnung: Fr 21.03. 19 Uhr &#8211; Finissage: Sa 12.04. 17 Uhr<\/span><br \/><\/span><a href=\"https:\/\/am-hawerkamp.de\/\">www.am-hawerkamp.de<\/a><\/li>\r\n<\/ul>\r\n<h6><span style=\"color: #000000;\"><strong>Ausstellungen 2024<\/strong><\/span><\/h6>\r\n<ul>\r\n<li><span style=\"color: #000000;\">25.10. bis 27.10.2024: &#8222;Offene Ateliers&#8220;, Am Hawerkamp, M\u00fcnster, <a style=\"color: #000000;\" href=\"https:\/\/am-hawerkamp.de\/\">www.am-hawerkamp.de<\/a><\/span><\/li>\r\n<li><span style=\"color: #000000;\">12. Oktober bis 24. November &#8222;Kunst in der Region&#8220;, <a style=\"color: #000000;\" href=\"https:\/\/www.da-kunsthaus.de\/programm\/kunst-in-der-region\/\">DA Kunsthaus Kloster Gravenhorst<\/a>, H\u00f6rstel<\/span><\/li>\r\n<li><span style=\"color: #000000;\">28. M\u00e4rz bis 7. April, Ausstellung &#8222;In Situ 24&#8220;: Artists in Residence, Kloster Bentlage, Rheine<\/span><br \/><span style=\"color: #000000;\">Er\u00f6ffnung 28. M\u00e4rz 17:30 Uhr<\/span><br \/><span style=\"color: #000000;\">\u00d6ffnungszeiten di &#8211; sa 14 &#8211; 18 Uhr, so und feiertags 10 &#8211; 18 Uhr<\/span><\/li>\r\n<li><span style=\"color: #000000;\">1. M\u00e4rz bis 24. M\u00e4rz 2024, Ausstellungsbeteiligung, Freundinnen und Freunde im Dialog, eine Gedenkausstellung f\u00fcr Ai Hagita, Ausstellungser\u00f6ffnung: Freitag, 1. M\u00e4rz 2024, 19 Uhr, \u00d6ffnungszeiten: samstags und sonntags 15 bis 18 Uhr, Ausstellungsort: SITTart Ausstellungsraum im K\u00fcnstler Atelierhaus, Sittarder Str. 5, 40477 D\u00fcsseldorf<\/span><\/li>\r\n<\/ul>\r\n<h6><strong>Ausstellungen 2023<\/strong><\/h6>\r\n<ul>\r\n<li><span style=\"color: #000000;\">05.11.2023 bis 21.01.2024, &#8222;connected&#8220;, K\u00fcnstlerinnenForum M\u00fcnsterland e.V., Galerie M\u00fcnsterland, Emsdetten, Er\u00f6ffnung am 5.11.2023 um 11 Uhr, <a style=\"color: #000000;\" href=\"https:\/\/kuenstlerinnenforum.de\/connected-20-jahre-kfm\/\" target=\"_blank\" rel=\"noopener\">www.kuenstlerinnenforum.de\/<\/a><\/span><\/li>\r\n<li><span style=\"color: #ff0000;\"><span style=\"color: #000000;\">27.10. bis 29.10.2023: &#8222;Offene Ateliers&#8220;, Am Hawerkamp, M\u00fcnster, <\/span><a style=\"color: #ff0000;\" href=\"https:\/\/am-hawerkamp.de\/\"><span style=\"color: #000000;\">www.am-hawerkamp.de<\/span><\/a><\/span><\/li>\r\n<li>29. April bis 1. Mai 2023, 11 &#8211; 18 Uhr, als Gastk\u00fcnstlerin in der Werkschau, Bildhauerwerkstatt Rolf Stahr, R\u00fcschhausweg 270, 48161 M\u00fcnster, <a href=\"http:\/\/www.rolf-stahr.de\">www.rolf-stahr.de<\/a><\/li>\r\n<\/ul>\r\n<h6><span style=\"color: #000000;\"><strong>Ausstellungen 2022<\/strong><\/span><\/h6>\r\n<ul>\r\n<li><span style=\"color: #000000;\">12.11. bis 11.12.2022, &#8222;Herbstg\u00e4ste&#8220;, K\u00fcnstlerinnenForum M\u00fcnsterland e.V., Alte Honigfabrik, Ibbenb\u00fcren, Sa &amp; So 14 bis 17 Uhr, <a style=\"color: #000000;\" href=\"https:\/\/kuenstlerinnenforum.de\/\" target=\"_blank\" rel=\"noopener\">www.kuenstlerinnenforum.de\/<\/a><\/span><\/li>\r\n<li><span style=\"color: #000000;\">28.10. bis 30.10.2022: &#8222;Offene Ateliers&#8220;, Am Hawerkamp, M\u00fcnster, <a style=\"color: #000000;\" href=\"https:\/\/am-hawerkamp.de\/\">www.am-hawerkamp.de<\/a><\/span><\/li>\r\n<li><span style=\"color: #000000;\">21.5. \u2013 16.7.2022 : &#8222;Die ersten Worte des Tages&#8220;, Galerie Siedenhans &amp; Simon, G\u00fctersloh, Er\u00f6ffung am 21.5.2022, 19 bis 24 Uhr, die K\u00fcnsterlerin ist anwesend, <\/span><a href=\"https:\/\/www.siedenhans-simon.de\/ausstellungen\/\"><span style=\"color: #000000;\">www.siedenhans-simon.de\/ausstellungen\/<\/span><\/a><\/li>\r\n<li>15.5.2022: &#8222;Benefiz Kunstauktion&#8220;, zugunsten Refugio Bremen, Villa Sponte Zeitkultur Bremen, <a href=\"http:\/\/www.villa-sponte.de\">www.villa-sponte.de<\/a><\/li>\r\n<li>\u00a024.4 \u2013 15.5.2022: &#8222;<a href=\"https:\/\/msh.am-hawerkamp.de\/\">Ausstellung &amp; Auktion zugunsten des\u00a0 Ukrainian Emergency Art Fund<\/a>&#8222;, Am Hawerkamp, M\u00fcnster<\/li>\r\n<\/ul>\r\n<h6><span style=\"color: #000000;\"><strong>Ausstellungen 2021<\/strong><\/span><\/h6>\r\n<ul>\r\n<li><span style=\"color: #c20202;\"><span style=\"color: #000000;\">31. Oktober 2021: &#8222;Offene Ateliers&#8220;, Am Hawerkamp, M\u00fcnster, <\/span><br \/><span style=\"color: #000000;\">11 bis 18 Uhr, <\/span><a style=\"color: #ff6600;\" href=\"https:\/\/am-hawerkamp.de\/\"><span style=\"color: #000000;\">www.am-hawerkamp.de<\/span><\/a><\/span><\/li>\r\n<li><span style=\"color: #c20202;\"><span style=\"color: #000000;\">24. Oktober bis 19. Dezember 2021, Kunst:voll vernetzt, Bremen, Villa Sponte, <a style=\"color: #000000;\" href=\"http:\/\/www.villa-sponte.de\">www.villa-sponte.de<\/a><\/span><br \/><\/span><\/li>\r\n<li><span style=\"color: #000000;\">30. September bis 21. November 2021, &#8222;Vielfalt&#8220;, Vreden_Kult<\/span><\/li>\r\n<li><span style=\"color: #000000;\">16. Juli bis 22. August 2021, M\u00fcnsteraner H\u00e4ngung, Hawerkamp, <a style=\"color: #000000;\" href=\"https:\/\/msh.am-hawerkamp.de\/\">msh.am-hawerkamp.de <\/a><\/span><\/li>\r\n<li><span style=\"color: #c20202;\"><span style=\"color: #000000;\">31. Juli bis 8. August 2021, 25. Holperdorper Hofausstellung,<\/span><br \/><span style=\"color: #800080;\"><a style=\"color: #800080;\" href=\"http:\/\/www.holperdorp.de\/hofausstellung.html\">www.holperdorp.de<\/a><\/span><br \/><\/span><\/li>\r\n<li><span style=\"color: #000000;\">24. April bis 6. Juni 2021 &#8222;Vielfalt&#8220;, Kunstort M\u00fcnsterland, D\u00fclmen, ehem. St. Barbara Kaserne<\/span><\/li>\r\n<\/ul>\r\n<h6>\u00a0<\/h6>\r\n<h6><span style=\"color: #000000;\"><strong>Ausstellungen 2020<\/strong><\/span><\/h6>\r\n<ul>\r\n<li><span style=\"color: #000000;\">3. &#8211; 5. April 2020 Druckexperimente, Wochenende-Workshop, Bildungshaus Zeppelin, Goslar, <a style=\"color: #000000;\" href=\"https:\/\/bhz-steinberg.de\/bildungsangebot\/kunst-kultur\/fruehjahrherbstakademie\/\">Fr\u00fchjahrsakademie<\/a><\/span><\/li>\r\n<li><span style=\"color: #000000;\">28.2. &#8211; 1.3. 2020 Grafikb\u00f6rse Borken, Stadthalle Vennehof, Borken <\/span><span style=\"color: #993300;\"><span style=\"color: #000000;\">Freitag: 16 &#8211; 20 Uhr, Samstag und Sonntag: 11 &#8211; 17 Uhr, <a style=\"color: #000000;\" href=\"http:\/\/www.grafikboerse.eu\">www.grafikboerse.eu<\/a><\/span><br \/><\/span><\/li>\r\n<\/ul>\r\n<h6><span style=\"color: #000000;\"><strong>Ausstellungen 2019<\/strong><\/span><\/h6>\r\n<ul>\r\n<li><span style=\"color: #000000;\">16.\/17. November und 23.\/24. November: Wochenendworkshop &#8222;Holzschnitt&#8220; auf einem Hof in Holperdorp, 49536 Lienen, Tel 05483\/1575<\/span><\/li>\r\n<li><span style=\"color: #000000;\">25. &#8211; 27. Oktober: &#8222;Offene Ateliers&#8220;, Am Hawerkamp, M\u00fcnster, <a style=\"color: #000000;\" href=\"https:\/\/am-hawerkamp.de\/\">www.am-hawerkamp.de\/<\/a><br \/><\/span><\/li>\r\n<li><span style=\"color: #000000;\">3. \u2013 4. August: &#8222;Holzschnitt in Farbe&#8220;, Workshop, Sommerakademie Kap.8, Idenbrockplatz 8, 48159 Kinderhaus\/M\u00fcnster, Tel 0251-492\/7940<br \/><\/span><\/li>\r\n<li><span style=\"color: #000000;\">13. \u2013 20. Juli: &#8222;Zeichnung\/Illustration\/Collage&#8220; Kurs 4 in der Goslarer Sommerakademie, <\/span><a href=\"http:\/\/www.bildungshaus-zeppelin.de\"><span style=\"color: #000000;\">www.bildungshaus-zeppelin.de<\/span><\/a><\/li>\r\n<li><span style=\"color: #000000;\">6. April \u2013 29. Mai: Gemeinschaftsausstellung mit Tamara Suhr und Anastasiya Nesterova, Galerie Kunst\u00fcck, Oldenburg, Er\u00f6ffnung 6. April, 17 Uhr, <\/span><a href=\"http:\/\/www.kunstueck.com\"><span style=\"color: #000000;\">www.kunstueck.com<\/span><\/a><\/li>\r\n<li><span style=\"color: #000000;\">8. M\u00e4rz \u2013 13. April, &#8222;V-Mail Art&#8220;, stork paviljoen, lansinkesweg 1, NL-7553 Hengelo, <\/span><a href=\"http:\/\/www.storkpaviljoen.nl\"><span style=\"color: #000000;\">www.storkpaviljoen.nl<\/span><\/a><\/li>\r\n<\/ul>\r\n<h6><span style=\"color: #000000;\"><strong>Ausstellungen 2018<\/strong><\/span><\/h6>\r\n<ul>\r\n<li><span style=\"color: #000000;\">26. &#8211; 28. Oktober: &#8222;Offene Ateliers&#8220;, Am Hawerkamp, M\u00fcnster<\/span><\/li>\r\n<li><span style=\"color: #000000;\">24. August \u2013 16. Spetember: &#8222;Dialog&#8220;, Ausstellungshalle am Hawerkamp, M\u00fcnster<\/span><br \/><span style=\"color: #000000;\">Er\u00f6ffnung: Freitag, 24. August, 19 Uhr<\/span><\/li>\r\n<li><span style=\"color: #000000;\">4. August \u2013 9. September: Stipendiaten der Aldegrever Gesellschaft stellen aus, Kloster Bentlage Westfl\u00fcgel, Rheine<br \/>Er\u00f6ffnung: Samstag, 4. August, 19 Uhr<br \/><\/span><\/li>\r\n<li><span style=\"color: #800000;\"><span style=\"color: #000000;\">7. \u2013 14. Juli: &#8222;Zeichnung\/Illustration\/Collage&#8220; Kurs\u00a03 in der Goslarer Sommerakademie, <\/span><a style=\"color: #800000;\" href=\"http:\/\/www.bildungshaus-zeppelin.de\/\"><span style=\"color: #000000;\">www.bildungshaus-zeppelin.de<\/span><\/a><\/span><\/li>\r\n<li><span style=\"color: #000000;\">6. April \u2013 9. Mai: Gruppenausstellung: ArtAffaire 01+02, Eine K\u00fcnstlerzeitschrift stellt sich vor. Villa Skupin, Studio Bildende Kunst, John-Sieg-Str. 13, 10365 Berlin, Mo-Do 10-20 Uhr, Fr&amp;Sa 10-18 Uhr<\/span><\/li>\r\n<li><span style=\"color: #000000;\">18. M\u00e4rz \u2013 29. April: &#8222;blind date&#8220;, Gruppenausstellung in der SO-66, Soester Stra\u00dfe 66, M\u00fcnster, <a style=\"color: #000000;\" href=\"http:\/\/www.so-66.de\/\">www.so-66.de<\/a>\u00a0<\/span><\/li>\r\n<li><span style=\"color: #000000;\">2. \u2013 4. M\u00e4rz: Grafikb\u00f6rse Borken<\/span><\/li>\r\n<\/ul>\r\n<h6><span style=\"color: #000000;\"><strong>Ausstellungen 2017<\/strong><\/span><\/h6>\r\n<ul>\r\n<li><span style=\"color: #000000;\">18. November &#8211; 13. Januar 2018, Einzelausstellung, Galerie Siedenhans &amp; Simon, G\u00fctersloh<br \/>Er\u00f6ffnung: 18. November um 15 Uhr<br \/><\/span><\/li>\r\n<li><span style=\"color: #000000;\">27. &#8211; 29. Oktober: &#8222;Offene Ateliers&#8220;, Am Hawerkamp, M\u00fcnster<\/span><\/li>\r\n<li><span style=\"color: #000000;\">9. Juni \u2013 1. Oktober: &#8222;Wendy&#8220;, Ausstellungshalle, Am Hawerkamp, M\u00fcnster<\/span><\/li>\r\n<li>22. \u2013 29. Juli: &#8222;Zeichnung\/Collage&#8220; Kurs 4 in der Goslarer Sommerakademie, <a href=\"http:\/\/www.bildungshaus-zeppelin.de\">www.bildungshaus-zeppelin.de<\/a><\/li>\r\n<li>17. \u2013 19. M\u00e4rz: BuchDruckKunst, Museum der Arbeit Hamburg, <a href=\"https:\/\/buchdruckkunst.com\/die-messe\/\">www.buchdruckkunst.com\/die-messe\/<\/a><\/li>\r\n<li><span style=\"color: #000000;\">3. \u2013 5. M\u00e4rz: Grafikb\u00f6rse Borken<\/span><\/li>\r\n<\/ul>\r\n<h6><strong>Ausstellungen 2016<\/strong><\/h6>\r\n<ul>\r\n<li>6.November\u201311. Dezember: BurgArt, L\u00fcdinghausen (Sa-So 10-17 Uhr)<\/li>\r\n<li>28.\u201330. Oktober: Offene Ateliers am Hawerkamp, M\u00fcnster<\/li>\r\n<li>30. Juli \u2013 7. August: 20. Hofausstellung Holperdorp<\/li>\r\n<li>22. April \u2013 22. Mai: Atelier Aatifi, Bielefeld und Nacht der Galerien am 30. April 2016<\/li>\r\n<li>7. Februar \u2013 3. April: K\u00fcnstlerb\u00fccher, Kloster Bentlage, Rheine<\/li>\r\n<li>15.\u201317. Januar: Buchdruckkunst, Museum der Arbeit, Hamburg, www.buchdruckkunst.de<\/li>\r\n<\/ul>\r\n<p><!--nextpage--><\/p>\r\n<h6><strong>Ausstellungen 2015<\/strong><\/h6>\r\n<ul>\r\n<li>23.\u201325. Oktober: Offene Ateliers am Hawerkamp, M\u00fcnster<\/li>\r\n<li>8. \u2013 15. August: Holzschnittkurs in der Goslarer Sommerakademie, www.bildungshaus-zeppelin.de<\/li>\r\n<li>9. \u2013 10. Mai: 10. Fr\u00fchjahrssalon am Hawerkamp<\/li>\r\n<li>22. M\u00e4rz \u2013 10. Mai: M\u00fcnsteraner H\u00e4ngung, Ausstellungshalle am Hawerkamp, M\u00fcnster, Er\u00f6ffnung So 22. M\u00e4rz, 15 Uhr<\/li>\r\n<li>12.\u201315. M\u00e4rz: Leipziger Buchmesse<\/li>\r\n<li>27. Februar \u2013 1. M\u00e4rz: Grafikb\u00f6rse Borken<\/li>\r\n<\/ul>\r\n<h6><strong>Ausstellungen 2014<\/strong><\/h6>\r\n<ul>\r\n<li>22. November 2014 \u2013 04. Januar 2015: Art-Vischering, Kunst zum Verkauf, Burg Vischering, L\u00fcdinghausen<\/li>\r\n<li>24.\u201326. Oktober: Offene Ateliers am Hawerkamp, M\u00fcnster<\/li>\r\n<li>3. &amp; 4. Mai: Fr\u00fchjahrssalon am Hawerkamp, M\u00fcnster<\/li>\r\n<li>7. \u2013 9. M\u00e4rz: Grafikb\u00f6rse Borken<\/li>\r\n<\/ul>\r\n<h6><strong>Ausstellungen 2013<\/strong><\/h6>\r\n<ul>\r\n<li>1. Dezember: Herbstsalon edition sonblom, 11\u201315 Uhr, Paulstra\u00dfe 5, M\u00fcnster, www.edition-sonblom.de<\/li>\r\n<li>25.\u201327. Oktober: Offene Ateliers am Hawerkamp, M\u00fcnster<\/li>\r\n<li>29. August \u2013 1. September: \u201eMurphys Gesetz\u201c, Part96, Kulturschiene im HBF M\u00fcnster<\/li>\r\n<li>11.&amp; 12. Mai: Fr\u00fchjahrssalon am Hawerkamp, M\u00fcnster<\/li>\r\n<li>14. April \u2013 19. Mai: \u201eIm Garten des Mondes\u201c mit Ai Hagita, Galerie SO66, www.so-66.de<\/li>\r\n<li>1. \u2013 3. M\u00e4rz: Grafikb\u00f6rse Borken<\/li>\r\n<\/ul>\r\n<h6><strong>Ausstellungen 2012<\/strong><\/h6>\r\n<ul>\r\n<li>1. Dezember\u201319. Januar 2013: Einzelausstellung \u201eDer Wind setzt seinen Weg fort\u201c, Galerie Siedenhans &amp; Simon, G\u00fctersloh<\/li>\r\n<li>26.\u2013 28. Oktober: Offene Ateliers am Hawerkamp, M\u00fcnster<\/li>\r\n<li>4.\u2013 12. August: 16. Hofausstellung Holperdorp<\/li>\r\n<li>11. \u2013 13. Mai: Messe Huntenkunst in Ulft, Niederlande<\/li>\r\n<li>8. Mai \u2013 15. Juni: DRUCKBAR, Umweltbundesamt, Dessau<\/li>\r\n<li>2.\u2013 4. M\u00e4rz: Grafikb\u00f6rse Borken<\/li>\r\n<\/ul>\r\n<p><!--nextpage--><\/p>\r\n<h6><strong>Ausstellungen 2011<\/strong><\/h6>\r\n<ul>\r\n<li>28.\u2013 30. Oktober: Offene Ateliers am Hawerkamp, M\u00fcnster<\/li>\r\n<li>30. Oktober \u2013 Januar 2012: \u201eForum\u201c, Burg Vischering, L\u00fcdinghausen, Vernissage 30.10.<\/li>\r\n<li>16. September \u2013 14. Oktober: \u201eDruckbar\u201c, Graphikwerkstatt K\u00f6ln, Vernissage Fr 16.9. 20 Uhr<\/li>\r\n<li>4. September \u2013 31.Oktober: \u201eR\u00e4ume der Erinnerung\u201c im Ruller Haus, Wallenhorst, Vernissage So 4.9. 17 Uhr<\/li>\r\n<li>29. Mai: Br\u00fccken, Vernissage im Bispinghof, Nordwalde, 17 Uhr<\/li>\r\n<li>27.\u2013 29. Mai: Messe Huntenkunst in Doetinchem, Niederlande<\/li>\r\n<li>7.\u2013 8. Mai: Fr\u00fchjahrssalon, Am Hawerkamp, M\u00fcnster<\/li>\r\n<\/ul>\r\n<h6><strong>Ausstellungen 2010<\/strong><\/h6>\r\n<ul>\r\n<li>19. November \u2013 19. Dezember: Galerie Letsah, S\u00fcntelstra\u00dfe 49, Osnabr\u00fcck, Er\u00f6ffnung 19. Nov., 19 Uhr<\/li>\r\n<li>29.\u201331. Oktober: Offene Ateliers am Hawerkamp 31, M\u00fcnster<\/li>\r\n<li>03. September \u2013 11. November: \u201eRaum der Erinnerung\u201c, B\u00fcrgerhaus Kinderhaus, M\u00fcnster, Er\u00f6ffnung 13. September, 19.30 Uhr<\/li>\r\n<li>05. \u2013 23. Juli: \u201eUnd danach Stille\u201c, Einzelausstellung, Sparkasse Gronau, Er\u00f6ffnung 05. Juli<\/li>\r\n<li>02. \u2013 04. Juli: Ausstellung, Hamburg-Hanstedt, Achterdiek 5A<\/li>\r\n<li>15. Mai \u2013 5. Juni: Body and Soul Show, Reuterstr.31, Berlin-Neuk\u00f6lln<\/li>\r\n<li>7. \u2013 9. Mai: Messe Huntenkunst in Doetinchem, Niederlande<\/li>\r\n<li>5. \u2013 7. M\u00e4rz: Grafikb\u00f6rse Borken<\/li>\r\n<\/ul>\r\n<h6><strong>Ausstellungen 2009<\/strong><\/h6>\r\n<ul>\r\n<li>21. November \u2013 7. Februar 2010: Beteiligung an der Ausstellung \u201eMail Art &#8211; Fall of the Wall\u201c, Prenzlauer Berg-Museum Berlin<\/li>\r\n<li>30. Oktober \u2013 1. November: Offene Ateliers am Hawerkamp, M\u00fcnster<\/li>\r\n<li>18. Oktober \u2013 8. November: Gemeinschaftsausstellung Galerie Lindern<\/li>\r\n<li>19. Juni \u2013 31.August: B\u00fcchergilde Frankfurt<br \/>6. \u2013 28. Juni : Gemeinschaftsausstellung Kulturhof Westerbeck, Vernissage Sa 13.6. 17Uhr<\/li>\r\n<li>8. \u2013 10. Mai: Messe Huntenkunst in Doetinchem, Niederlande<\/li>\r\n<li>24. \u2013 26. April: Open House im Speicher II in M\u00fcnster, als Gast bei Tomasz Samek<\/li>\r\n<li>6. M\u00e4rz \u2013 13. April: Ausstellung in der Art-Galerie Siegen, Er\u00f6ffnung: Fr. 6.M\u00e4rz, 19 Uhr<\/li>\r\n<li>27. Februar \u2013 1. M\u00e4rz: Grafikb\u00f6rse Borken<\/li>\r\n<\/ul>\r\n\r\n<p>&nbsp;<\/p>\r\n","protected":false},"excerpt":{"rendered":"<p>Ausstellungen 2026 ab 29. November 2026, Beteiligung am Projekt &#8222;BIODIVERS&#8220;, iniitiert von Odine Lang, Museum Zinkh\u00fctter Hof in Stolberg 23. Oktober bis 25. Oktober 2026: &#8222;Offene Ateliers&#8220;, Am Hawerkamp, M\u00fcnster, www.am-hawerkamp.de 11. April bis 3. Mai 2026: &#8222;Lenz26&#8220;, Ausstellungshalle Hawerkamp, Sa 15\u201318 Uhr &amp; So 12\u201318 Uhr, Am Hawerkamp, M\u00fcnster,www.am-hawerkamp.de 2. April bis 19. April, [&hellip;]<\/p>\n","protected":false},"author":1,"featured_media":0,"parent":0,"menu_order":0,"comment_status":"closed","ping_status":"closed","template":"","meta":{"footnotes":""},"class_list":["post-127","page","type-page","status-publish","hentry"],"_links":{"self":[{"href":"http:\/\/blog.simone-jaenke.de\/index.php?rest_route=\/wp\/v2\/pages\/127","targetHints":{"allow":["GET"]}}],"collection":[{"href":"http:\/\/blog.simone-jaenke.de\/index.php?rest_route=\/wp\/v2\/pages"}],"about":[{"href":"http:\/\/blog.simone-jaenke.de\/index.php?rest_route=\/wp\/v2\/types\/page"}],"author":[{"embeddable":true,"href":"http:\/\/blog.simone-jaenke.de\/index.php?rest_route=\/wp\/v2\/users\/1"}],"replies":[{"embeddable":true,"href":"http:\/\/blog.simone-jaenke.de\/index.php?rest_route=%2Fwp%2Fv2%2Fcomments&post=127"}],"version-history":[{"count":67,"href":"http:\/\/blog.simone-jaenke.de\/index.php?rest_route=\/wp\/v2\/pages\/127\/revisions"}],"predecessor-version":[{"id":1134,"href":"http:\/\/blog.simone-jaenke.de\/index.php?rest_route=\/wp\/v2\/pages\/127\/revisions\/1134"}],"wp:attachment":[{"href":"http:\/\/blog.simone-jaenke.de\/index.php?rest_route=%2Fwp%2Fv2%2Fmedia&parent=127"}],"curies":[{"name":"wp","href":"https:\/\/api.w.org\/{rel}","templated":true}]}}