{"id":2,"date":"2016-05-10T03:48:21","date_gmt":"2016-05-10T03:48:21","guid":{"rendered":"http:\/\/wp452m.a10-52-158-154.qa.plesk.ru\/wordpress\/?page_id=2"},"modified":"2024-06-12T09:34:25","modified_gmt":"2024-06-12T08:34:25","slug":"sample-page","status":"publish","type":"page","link":"http:\/\/blog.simone-jaenke.de\/?page_id=2","title":{"rendered":"Simone J\u00e4nke"},"content":{"rendered":"<p><a href=\"http:\/\/blog.simone-jaenke.de\/wp-content\/uploads\/2024\/06\/Simone_Jaenke.jpg\"><img loading=\"lazy\" decoding=\"async\" class=\"size-medium wp-image-1085 alignright\" src=\"http:\/\/blog.simone-jaenke.de\/wp-content\/uploads\/2024\/06\/Simone_Jaenke-300x200.jpg\" alt=\"\" width=\"300\" height=\"200\" srcset=\"http:\/\/blog.simone-jaenke.de\/wp-content\/uploads\/2024\/06\/Simone_Jaenke-300x200.jpg 300w, http:\/\/blog.simone-jaenke.de\/wp-content\/uploads\/2024\/06\/Simone_Jaenke-1024x683.jpg 1024w, http:\/\/blog.simone-jaenke.de\/wp-content\/uploads\/2024\/06\/Simone_Jaenke-768x512.jpg 768w, http:\/\/blog.simone-jaenke.de\/wp-content\/uploads\/2024\/06\/Simone_Jaenke-1536x1024.jpg 1536w, http:\/\/blog.simone-jaenke.de\/wp-content\/uploads\/2024\/06\/Simone_Jaenke-2048x1366.jpg 2048w, http:\/\/blog.simone-jaenke.de\/wp-content\/uploads\/2024\/06\/Simone_Jaenke-1240x827.jpg 1240w, http:\/\/blog.simone-jaenke.de\/wp-content\/uploads\/2024\/06\/Simone_Jaenke-508x339.jpg 508w\" sizes=\"auto, (max-width: 300px) 100vw, 300px\" \/><\/a><\/p>\n<h6><strong>Biografie<\/strong><\/h6>\n<ul class=\"Stil72\" type=\"circle\">\n<li style=\"list-style-type: none;\">\n<ul class=\"Stil72\" type=\"circle\">\n<li class=\"Stil73\">geb. 1965 in Berlin<\/li>\n<\/ul>\n<\/li>\n<\/ul>\n<ul class=\"Stil72\" type=\"circle\">\n<li style=\"list-style-type: none;\">\n<ul class=\"Stil72\" type=\"circle\">\n<li class=\"Stil73\">Ausbildung als Malerin und Schauwerbegestalterin<\/li>\n<\/ul>\n<\/li>\n<\/ul>\n<ul class=\"Stil72\" type=\"circle\">\n<li style=\"list-style-type: none;\">\n<ul class=\"Stil72\" type=\"circle\">\n<li class=\"Stil73\">T\u00e4tigkeit u.a. als Theatermalerin und im Bereich Ausstellungsgestaltung in Berlin<\/li>\n<\/ul>\n<\/li>\n<\/ul>\n<ul class=\"Stil72\" type=\"circle\">\n<li style=\"list-style-type: none;\">\n<ul class=\"Stil72\" type=\"circle\">\n<li class=\"Stil73\">Grafik-Diplom an der Fachhochschule M\u00fcnster bei Prof. Wolfgang Troschke und Dipl. Des. Knut Willich, Schwerpunktthema Druckgrafik und Illustration, besondere Besch\u00e4ftigung und Auseinandersetzung mit dem Holzschnitt<\/li>\n<\/ul>\n<\/li>\n<\/ul>\n<ul class=\"Stil72\" type=\"circle\">\n<li style=\"list-style-type: none;\">\n<ul class=\"Stil72\" type=\"circle\">\n<li class=\"Stil73\">Beteiligung an diversen Ausstellungen und k\u00fcnstlerischen Messen, Einzelausstellungen<\/li>\n<\/ul>\n<\/li>\n<\/ul>\n<ul class=\"Stil72\" type=\"circle\">\n<li style=\"list-style-type: none;\">\n<ul class=\"Stil72\" type=\"circle\">\n<li class=\"Stil73\">k\u00fcnstlerische Projektleiterin und Dozentin in verschiedenen Institutionen<\/li>\n<li>Mitglied im BBK-Westfalen e.V. und im K\u00fcnstlerinnenforum M\u00fcnsterland<\/li>\n<\/ul>\n<\/li>\n<\/ul>\n<ul class=\"Stil72\" type=\"circle\">\n<li class=\"Stil73\">lebt und arbeitet als freischaffende K\u00fcnstlerin in M\u00fcnster<\/li>\n<\/ul>\n<h6><span class=\"Stil74\" style=\"color: #000000;\"><strong>K\u00fcnstlerische Mitarbeit und Projektleitungen<\/strong> <\/span><\/h6>\n<ul>\n<li style=\"list-style-type: none;\">\n<ul>\n<li>2019 Leitung Workshop &#8222;Holzschnitt in Farbe&#8220;, Sommerakademie Kap.8, Kinderhaus\/M\u00fcnster<\/li>\n<li>2017 Leitung des Holzschnitt-Workshops am Ameos Klinikum Osnabr\u00fcck<\/li>\n<li>2017 &#8211; 2019 Dozentin f\u00fcr Zeichnung und Collage an der Sommerakademie Goslar<\/li>\n<li>2015 Dozentin f\u00fcr Holzschnitt an der Sommerakademie Goslar<\/li>\n<\/ul>\n<\/li>\n<\/ul>\n<ul>\n<li style=\"list-style-type: none;\">\n<ul>\n<li class=\"Stil76\">2<span lang=\"de-DE\">015 Teilnahme am 12. Vogtl\u00e4nder Kunstkalender 2016<\/span><\/li>\n<\/ul>\n<\/li>\n<\/ul>\n<ul>\n<li style=\"list-style-type: none;\">\n<ul>\n<li class=\"Stil76\">2<span lang=\"de-DE\">013 Projekt \u201eSchwarm\u201c mit Sch\u00fclern des Adolf Kolping Berufskolleg, M\u00fcnster<\/span><\/li>\n<\/ul>\n<\/li>\n<\/ul>\n<ul>\n<li style=\"list-style-type: none;\">\n<ul>\n<li class=\"Stil76\">2012\/2013 Druckprojekt mit psychisch erkrankten und beeintr\u00e4chtigten Menschen innerhalb eines Wiedereingliederungsprogramms der Alexianer-Werkst\u00e4tten, M\u00fcnster<\/li>\n<\/ul>\n<\/li>\n<\/ul>\n<ul>\n<li style=\"list-style-type: none;\">\n<ul>\n<li class=\"Stil76\">2010\/2012 Betreuung von Veranstaltungen der Kulturstrolche der Stadt M\u00fcnster am Hawerkamp<\/li>\n<\/ul>\n<\/li>\n<\/ul>\n<ul>\n<li style=\"list-style-type: none;\">\n<ul>\n<li class=\"Stil76\">2006\/2007 NRW Landesprogramm \u201eKultur und Schule\u201c, Projektleitung &#8211; Holzschnitt im Arnold-Janssen-Gymnasium, Neuenkirchen<\/li>\n<\/ul>\n<\/li>\n<\/ul>\n<ul>\n<li style=\"list-style-type: none;\">\n<ul>\n<li class=\"Stil76\">2006 Dozentin in der Sommerakademie Dresden, \u201eHolzschnitt in Farbe\u201c<\/li>\n<\/ul>\n<\/li>\n<\/ul>\n<ul>\n<li style=\"list-style-type: none;\">\n<ul>\n<li class=\"Stil76\">2006 Projektleitung \u201eKultur schafft Begegnung\u201c, durch Aktion Mensch unterst\u00fctztes Kunstprojekt f\u00fcr Menschen mit Behinderungen, Lebenshilfe M\u00fcnster e.V.<\/li>\n<\/ul>\n<\/li>\n<\/ul>\n<ul>\n<li style=\"list-style-type: none;\">\n<ul>\n<li class=\"Stil76\">2004\u20132006 Planung und Mitleitung der Euregio Kunstprojekte f\u00fcr Grenz\u00fcberschreitende Zusammenarbeit im Rahmen der EU- Gemeinschaftsinitiative f\u00fcr Menschen mit geistiger Behinderung<\/li>\n<\/ul>\n<\/li>\n<\/ul>\n<ul>\n<li style=\"list-style-type: none;\">\n<ul>\n<li class=\"Stil76\">2003 Projektwoche \u201eHolzschnitt\u201c mit Kindern der 4.Klasse der Sonderschule f\u00fcr Lernbehinderte, Uppenbergschule, Ganztagsschule M\u00fcnster<\/li>\n<\/ul>\n<\/li>\n<\/ul>\n<ul>\n<li style=\"list-style-type: none;\">\n<ul>\n<li class=\"Stil76\">1999 Arbeiten mit Glas, dreimonatiges Projekt mit Bewohnern des Alexianer-Krankenhaus M\u00fcnster im Kunsthaus Kannen<\/li>\n<\/ul>\n<\/li>\n<\/ul>\n<ul>\n<li style=\"list-style-type: none;\">\n<ul>\n<li class=\"Stil76\">1999 Holzschnitte zum Thema \u201eNoah im Regen\u201c, drei monatiges Projekt mit Bewohnern des Alexianer-Krankenhaus M\u00fcnster im Kunsthaus Kannen<\/li>\n<\/ul>\n<\/li>\n<\/ul>\n<ul>\n<li style=\"list-style-type: none;\">\n<ul>\n<li class=\"Stil76\">1998\u20132006 Projektleiterin der \u201eProbierstube\u201c, einem Kunstprojekt der Lebenshilfe M\u00fcnster e.V, f\u00fcr Menschen mit geistiger Behinderung<\/li>\n<li>1996\u20131999 integratives Figurentheater Manus, Mitarbeit an den St\u00fccken \u201eSwimmy\u201c und \u201eFarben\u201c, integratives Theaterprojekt in Zusammenarbeit mit Bewohnern und Mitarbeitern des Alexianer-Krankenhauses M\u00fcnster, (Fachklinik f\u00fcr Psychiatrie und Psychotherapie), sowie Schauspielern, K\u00fcnstlern und Studenten<\/li>\n<\/ul>\n<\/li>\n<\/ul>\n","protected":false},"excerpt":{"rendered":"<p>Biografie geb. 1965 in Berlin Ausbildung als Malerin und Schauwerbegestalterin T\u00e4tigkeit u.a. als Theatermalerin und im Bereich Ausstellungsgestaltung in Berlin Grafik-Diplom an der Fachhochschule M\u00fcnster bei Prof. Wolfgang Troschke und Dipl. Des. Knut Willich, Schwerpunktthema Druckgrafik und Illustration, besondere Besch\u00e4ftigung und Auseinandersetzung mit dem Holzschnitt Beteiligung an diversen Ausstellungen und k\u00fcnstlerischen Messen, Einzelausstellungen k\u00fcnstlerische Projektleiterin [&hellip;]<\/p>\n","protected":false},"author":1,"featured_media":0,"parent":0,"menu_order":0,"comment_status":"closed","ping_status":"open","template":"","meta":{"footnotes":""},"class_list":["post-2","page","type-page","status-publish","hentry"],"_links":{"self":[{"href":"http:\/\/blog.simone-jaenke.de\/index.php?rest_route=\/wp\/v2\/pages\/2","targetHints":{"allow":["GET"]}}],"collection":[{"href":"http:\/\/blog.simone-jaenke.de\/index.php?rest_route=\/wp\/v2\/pages"}],"about":[{"href":"http:\/\/blog.simone-jaenke.de\/index.php?rest_route=\/wp\/v2\/types\/page"}],"author":[{"embeddable":true,"href":"http:\/\/blog.simone-jaenke.de\/index.php?rest_route=\/wp\/v2\/users\/1"}],"replies":[{"embeddable":true,"href":"http:\/\/blog.simone-jaenke.de\/index.php?rest_route=%2Fwp%2Fv2%2Fcomments&post=2"}],"version-history":[{"count":11,"href":"http:\/\/blog.simone-jaenke.de\/index.php?rest_route=\/wp\/v2\/pages\/2\/revisions"}],"predecessor-version":[{"id":1086,"href":"http:\/\/blog.simone-jaenke.de\/index.php?rest_route=\/wp\/v2\/pages\/2\/revisions\/1086"}],"wp:attachment":[{"href":"http:\/\/blog.simone-jaenke.de\/index.php?rest_route=%2Fwp%2Fv2%2Fmedia&parent=2"}],"curies":[{"name":"wp","href":"https:\/\/api.w.org\/{rel}","templated":true}]}}